{"id":595,"date":"2017-12-03T13:33:20","date_gmt":"2017-12-03T13:33:20","guid":{"rendered":"http:\/\/www.brainconnection.ch\/wp\/?page_id=595"},"modified":"2017-12-04T18:06:47","modified_gmt":"2017-12-04T18:06:47","slug":"presse","status":"publish","type":"page","link":"https:\/\/brainconnection.ch\/wp\/simplicity-und-innovation\/presse\/","title":{"rendered":"Presse"},"content":{"rendered":"<p>[et_pb_section bb_built=&#8220;1&#8243; fullwidth=&#8220;on&#8220; _builder_version=&#8220;3.0.90&#8243; global_module=&#8220;428&#8243;][et_pb_fullwidth_menu admin_label=&#8220;Vollbreites Men\u00fc Simplicity Innovation&#8220; global_parent=&#8220;428&#8243; menu_id=&#8220;3&#8243; submenu_direction=&#8220;downwards&#8220; fullwidth_menu=&#8220;off&#8220; _builder_version=&#8220;3.0.90&#8243; background_color=&#8220;#ffffff&#8220; background_layout=&#8220;light&#8220; active_link_color=&#8220;#005196&#8243; menu_font=&#8220;Asap||||||||&#8220; \/][\/et_pb_section][et_pb_section bb_built=&#8220;1&#8243; background_color=&#8220;#e8e8e8&#8243; _builder_version=&#8220;3.0.90&#8243; custom_padding=&#8220;11px|0px|5px|0px&#8220;][et_pb_row _builder_version=&#8220;3.0.47&#8243; background_size=&#8220;initial&#8220; background_position=&#8220;top_left&#8220; background_repeat=&#8220;repeat&#8220;][et_pb_column type=&#8220;1_2&#8243;][et_pb_text _builder_version=&#8220;3.0.90&#8243;]<\/p>\n<h1><span style=\"color: #005196;\">BRAIN CONNECTION in der Presse<\/span><\/h1>\n<p>[\/et_pb_text][et_pb_text _builder_version=&#8220;3.0.90&#8243; background_layout=&#8220;light&#8220;]<\/p>\n<p><strong>Sie sind Pressemitarbeiter, Reporter, Redakteur oder Journalist und an einem Interview, Bericht oder Austausch zum Thema Einfachheit und Innovation interessiert? Oder ben\u00f6tigen Sie Bildmaterial\/Cover etc.?<\/strong><\/p>\n<p>Kontaktieren Sie mich (Dr. Michael Hartschen) per<a href=\"mailto:m.hartschen@brainconnection.ch\"> Email<\/a>!<\/p>\n<p>[\/et_pb_text][\/et_pb_column][et_pb_column type=&#8220;1_4&#8243;][et_pb_image src=&#8220;http:\/\/www.brainconnection.ch\/wp\/wp-content\/uploads\/2017\/11\/simplicity-buch-lp-bonus.png&#8220; url=&#8220;https:\/\/simplicity-buch.com&#8220; _builder_version=&#8220;3.0.90&#8243; max_width=&#8220;85%&#8220;]<\/p>\n<p>&nbsp;<\/p>\n<p>[\/et_pb_image][\/et_pb_column][et_pb_column type=&#8220;1_4&#8243;][et_pb_image src=&#8220;http:\/\/www.brainconnection.ch\/wp\/wp-content\/uploads\/2017\/09\/portrait-dr-michael-hartschen-lp-links-320px.jpg&#8220; _builder_version=&#8220;3.0.90&#8243; max_width=&#8220;70%&#8220; module_alignment=&#8220;right&#8220;]<\/p>\n<p>&nbsp;<\/p>\n<p>[\/et_pb_image][\/et_pb_column][\/et_pb_row][\/et_pb_section][et_pb_section bb_built=&#8220;1&#8243; _builder_version=&#8220;3.0.47&#8243; custom_padding=&#8220;14px|0px|54px|0px&#8220;][et_pb_row custom_padding=&#8220;27px|0px|27px|0px&#8220; _builder_version=&#8220;3.0.47&#8243; background_size=&#8220;initial&#8220; background_position=&#8220;top_left&#8220; background_repeat=&#8220;repeat&#8220;][et_pb_column type=&#8220;2_3&#8243;][et_pb_text _builder_version=&#8220;3.0.90&#8243; background_layout=&#8220;light&#8220;]<\/p>\n<h1>Simplicity to go!<\/h1>\n<p>Am 2. Juni 2017 startete der Gewerbeverein Volketswil sein neues Forum f\u00fcr gemeinsamen Erfolg. Eine stattliche Anzahl<br \/>\nvon Teilnehmerinnen und Teilnehmern liess sich an diesem Vormittag im Restaurant Honey Meet an der Javastrasse<br \/>\n\u00fcber M\u00f6glichkeiten informieren, wie durch Einfachheit mehr Erfolg zu erzielen ist. Quelle:\u00a0<a href=\"https:\/\/www.gewerbezeitungen.ch\/gewerbezeitungen\/volketswil\/\">https:\/\/www.gewerbezeitungen.ch\/gewerbezeitungen\/volketswil\/<\/a><\/p>\n<p>[\/et_pb_text][\/et_pb_column][et_pb_column type=&#8220;1_3&#8243;][et_pb_image src=&#8220;http:\/\/www.brainconnection.ch\/wp\/wp-content\/uploads\/2017\/12\/Simplicity-to-go-Gewerbeverein-2017.png&#8220; _builder_version=&#8220;3.0.90&#8243;]<\/p>\n<p>&nbsp;<\/p>\n<p>[\/et_pb_image][\/et_pb_column][\/et_pb_row][et_pb_row custom_padding=&#8220;8px|0px|0px|0px&#8220; _builder_version=&#8220;3.0.90&#8243;][et_pb_column type=&#8220;4_4&#8243;][et_pb_divider color=&#8220;#005196&#8243; show_divider=&#8220;on&#8220; _builder_version=&#8220;3.0.90&#8243;]<\/p>\n<p>&nbsp;<\/p>\n<p>[\/et_pb_divider][\/et_pb_column][\/et_pb_row][et_pb_row _builder_version=&#8220;3.0.47&#8243; background_size=&#8220;initial&#8220; background_position=&#8220;top_left&#8220; background_repeat=&#8220;repeat&#8220;][et_pb_column type=&#8220;2_3&#8243;][et_pb_text _builder_version=&#8220;3.0.90&#8243;]<\/p>\n<h1>Simplicity to go!<\/h1>\n<p>Einfachheit ist f\u00fcr jede Branche und Unternehmensgr\u00f6sse von grosser Bedeutung. Der\u00a0<a class=\"external\" href=\"http:\/\/www.gewerbe-volketswil.ch\/\" target=\"_blank\" rel=\"noopener noreferrer nofollow\" data-content=\"http:\/\/www.gewerbe-volketswil.ch\" data-type=\"external\">Gewerbeverein Volketswil<\/a>\u00a0pr\u00e4sentiert das neue Forum f\u00fcr gemeinsamen Erfolg. Unkonventionell, neu, anders. Dies sind nur drei der Wege, die Unternehmer zum Erfolg w\u00e4hlen m\u00fcssen. Wie es theoretisch ginge, wissen viele \u2013 wie es wirklich funktioniert, wissen unsere Unternehmer. ervolki gibt Ihnen die M\u00f6glichkeit, von diesem Wissen zu profitieren.<\/p>\n<p class=\"font_8\">Im Rahmen von diesem Business-Lunch konnten die Teilnehmenden in die Welt der Einfachheit eintauchen und f\u00fcr sich wesentliche Erkenntnisse und Best\u00e4tigungen mitnehmen.<\/p>\n<p>[\/et_pb_text][\/et_pb_column][et_pb_column type=&#8220;1_3&#8243;][et_pb_image src=&#8220;http:\/\/simplicity-buch.com\/wp-content\/uploads\/2017\/03\/Ervolki-Simplicity-to-go.png&#8220; _builder_version=&#8220;3.0.90&#8243;]<\/p>\n<p>&nbsp;<\/p>\n<p>[\/et_pb_image][\/et_pb_column][\/et_pb_row][et_pb_row custom_padding=&#8220;8px|0px|0px|0px&#8220; _builder_version=&#8220;3.0.90&#8243;][et_pb_column type=&#8220;4_4&#8243;][et_pb_divider color=&#8220;#005196&#8243; show_divider=&#8220;on&#8220; _builder_version=&#8220;3.0.90&#8243;]<\/p>\n<p>&nbsp;<\/p>\n<p>[\/et_pb_divider][\/et_pb_column][\/et_pb_row][et_pb_row _builder_version=&#8220;3.0.47&#8243; background_size=&#8220;initial&#8220; background_position=&#8220;top_left&#8220; background_repeat=&#8220;repeat&#8220;][et_pb_column type=&#8220;2_3&#8243;][et_pb_text _builder_version=&#8220;3.0.90&#8243;]<\/p>\n<h1>Simply the best!<\/h1>\n<p>\u201eDas Leben ist einfach, aber wir bestehen darauf, es kompliziert zu machen\u201c, wusste vor rund 2.500 Jahren schon Konfuzius. Um wie viel schwieriger ist unsere Welt heute geworden! Ob es um die Altersvorsorge, Elektronik in Autos oder die Funktionsvielfalt von Smartphones geht \u2013 immer mehr Kunden klagen dar\u00fcber, wie schwer Produkte und Dienstleistungen zu durchschauen sind. Etliche werden daher gar nicht erst gekauft oder h\u00f6chstens rudiment\u00e4r genutzt. Warum aber die Dinge so kompliziert machen, wenn es auch einfacher geht? Davon handelt die komplett \u00fcberarbeitete Neuauflage von simplicity von Chris Br\u00fcgger, Michael Hartschen und Jiri Scherer.<\/p>\n<p><a href=\"http:\/\/simplicity-buch.com\/wp-content\/uploads\/2017\/04\/Presseinformation_Simplicity_Br%C3%BCggerHartschenScherer.pdf\" target=\"_blank\" rel=\"noopener noreferrer\">Hier k\u00f6nnen Sie die Pressemitteilung vom Gabal Verlag direkt herunterladen!<\/a><\/p>\n<p>Pressemitteilung, Gabal Verlag, April 2017<\/p>\n<p>[\/et_pb_text][\/et_pb_column][et_pb_column type=&#8220;1_3&#8243;][et_pb_image src=&#8220;http:\/\/simplicity-buch.com\/wp-content\/uploads\/2017\/03\/Presseinformation_Simplicity_Br%C3%BCggerHartschenScherer.png&#8220; _builder_version=&#8220;3.0.90&#8243;]<\/p>\n<p>&nbsp;<\/p>\n<p>[\/et_pb_image][\/et_pb_column][\/et_pb_row][et_pb_row custom_padding=&#8220;8px|0px|0px|0px&#8220; _builder_version=&#8220;3.0.90&#8243;][et_pb_column type=&#8220;4_4&#8243;][et_pb_divider color=&#8220;#005196&#8243; show_divider=&#8220;on&#8220; _builder_version=&#8220;3.0.90&#8243;]<\/p>\n<p>&nbsp;<\/p>\n<p>[\/et_pb_divider][\/et_pb_column][\/et_pb_row][et_pb_row _builder_version=&#8220;3.0.47&#8243; background_size=&#8220;initial&#8220; background_position=&#8220;top_left&#8220; background_repeat=&#8220;repeat&#8220;][et_pb_column type=&#8220;2_3&#8243;][et_pb_text _builder_version=&#8220;3.0.90&#8243;]<\/p>\n<h1><strong>Einfachbahn<\/strong><\/h1>\n<p>Das Buch Simplicity und Interview von Hr. Kirch als News auf dem Einfachbahn-Portal.<br \/>\n<a class=\"external\" href=\"http:\/\/www1.deutschebahn.com\/einfachbahn-de\/wer_sind_wir\/aktuelle_themen.html\" target=\"_blank\" rel=\"noopener noreferrer nofollow\">Link<\/a><\/p>\n<p>April 2017<\/p>\n<p>[\/et_pb_text][\/et_pb_column][et_pb_column type=&#8220;1_3&#8243;][et_pb_image src=&#8220;http:\/\/simplicity-buch.com\/wp-content\/uploads\/2017\/03\/2017-04-13-20_35_28-Aktuelle-Themen-_-Einfachbahn.png&#8220; _builder_version=&#8220;3.0.90&#8243;]<\/p>\n<p>&nbsp;<\/p>\n<p>[\/et_pb_image][\/et_pb_column][\/et_pb_row][et_pb_row custom_padding=&#8220;8px|0px|0px|0px&#8220; _builder_version=&#8220;3.0.90&#8243;][et_pb_column type=&#8220;4_4&#8243;][et_pb_divider color=&#8220;#005196&#8243; show_divider=&#8220;on&#8220; _builder_version=&#8220;3.0.90&#8243;]<\/p>\n<p>&nbsp;<\/p>\n<p>[\/et_pb_divider][\/et_pb_column][\/et_pb_row][et_pb_row _builder_version=&#8220;3.0.47&#8243; background_size=&#8220;initial&#8220; background_position=&#8220;top_left&#8220; background_repeat=&#8220;repeat&#8220;][et_pb_column type=&#8220;2_3&#8243;][et_pb_text _builder_version=&#8220;3.0.90&#8243;]<\/p>\n<h1><strong>Mit Einfachheit zu mehr Erfolg.<\/strong><\/h1>\n<p>Einfachheit birgt ein riesiges Potenzial an wirtschaftlichem Erfolg in sich. Wie Produkte, Dienstleistungen und Prozesse gewinnbringend vereinfacht werden k\u00f6nnen, zeigt praxisnah das neue Buch \u00abSimplicity. Starke Strategien f\u00fcr einfache Produkte, Dienstleistungen und Prozesse\u00bb.<\/p>\n<p>Gewerbezeitung Volketswil, 2. M\u00e4rz 2017<\/p>\n<p>[\/et_pb_text][\/et_pb_column][et_pb_column type=&#8220;1_3&#8243;][et_pb_image src=&#8220;http:\/\/simplicity-buch.com\/wp-content\/uploads\/2017\/03\/Einfachheit-macht-erfolgreich-Gewerbezeitung-2017-Hartschen.jpg&#8220; _builder_version=&#8220;3.0.90&#8243;]<\/p>\n<p>&nbsp;<\/p>\n<p>[\/et_pb_image][\/et_pb_column][\/et_pb_row][et_pb_row custom_padding=&#8220;8px|0px|0px|0px&#8220; _builder_version=&#8220;3.0.90&#8243;][et_pb_column type=&#8220;4_4&#8243;][et_pb_divider color=&#8220;#005196&#8243; show_divider=&#8220;on&#8220; _builder_version=&#8220;3.0.90&#8243;]<\/p>\n<p>&nbsp;<\/p>\n<p>[\/et_pb_divider][\/et_pb_column][\/et_pb_row][et_pb_row _builder_version=&#8220;3.0.47&#8243; background_size=&#8220;initial&#8220; background_position=&#8220;top_left&#8220; background_repeat=&#8220;repeat&#8220;][et_pb_column type=&#8220;2_3&#8243;][et_pb_text _builder_version=&#8220;3.0.90&#8243;]<\/p>\n<h1><strong>Keep it simple!<\/strong><\/h1>\n<p>Einfach mehr verkaufen. Wer Kunden das Leben leichter macht, verkauft besser, reduziert Aufwand und hat mehr Zeit f\u00fcr das Wesentliche. Die Basis von Einfachheit ist eine klare, verbindliche Kommunikation.<\/p>\n<p>Magazin \u00abStein\u00bb, S02|2017<\/p>\n<p>[\/et_pb_text][\/et_pb_column][et_pb_column type=&#8220;1_3&#8243;][et_pb_image src=&#8220;http:\/\/simplicity-buch.com\/wp-content\/uploads\/2017\/03\/2017-SteinMagazin-Einfachheit-Hartschen-3.jpg&#8220; _builder_version=&#8220;3.0.90&#8243;]<\/p>\n<p>&nbsp;<\/p>\n<p>[\/et_pb_image][\/et_pb_column][\/et_pb_row][et_pb_row custom_padding=&#8220;8px|0px|0px|0px&#8220; _builder_version=&#8220;3.0.90&#8243;][et_pb_column type=&#8220;4_4&#8243;][et_pb_divider color=&#8220;#005196&#8243; show_divider=&#8220;on&#8220; _builder_version=&#8220;3.0.90&#8243;]<\/p>\n<p>&nbsp;<\/p>\n<p>[\/et_pb_divider][\/et_pb_column][\/et_pb_row][et_pb_row _builder_version=&#8220;3.0.47&#8243; background_size=&#8220;initial&#8220; background_position=&#8220;top_left&#8220; background_repeat=&#8220;repeat&#8220;][et_pb_column type=&#8220;2_3&#8243;][et_pb_text _builder_version=&#8220;3.0.90&#8243;]<\/p>\n<h1><strong>Simplicity to go!<\/strong><\/h1>\n<p>Jeder verlangt es, keiner m\u00f6chte darauf verzichten und doch ist es h\u00e4ufig so schwer. Wir reden fast t\u00e4glich davon und sind doch h\u00e4ufig entt\u00e4uscht oder damit unzufrieden. Es geht um das Thema Einfachheit.<\/p>\n<p>Ob Kunde, die Mitarbeitenden oder die Fachbereiche in Unternehmen. In Marketing-Claims, Softwareprojekten, Produkt- und Betriebsanleitungen ist sehr h\u00e4ufig der Begriff einfach vorzufinden. Das Verst\u00e4ndnis, was Einfachheit genau bedeutet und wie es verstanden wird, ist jedoch sehr unterschiedlich. Das f\u00fchrt zu viel Frust und Unzufriedenheit.<\/p>\n<p>Tauchen Sie mit uns in die Erlebniswelt der Einfachheit hinein und erhalten Sie konkrete Tipps und Tricks, wie Sie zuk\u00fcnftig mehr Einfachheit bewusst umsetzen k\u00f6nnen.<\/p>\n<p>28. Februar 2017, Z\u00fcrich,\u00a0<a class=\"external\" href=\"http:\/\/www.brainlunch.ch\/\" target=\"_blank\" rel=\"noopener noreferrer nofollow\">www.brainlunch.ch<\/a><\/p>\n<p>[\/et_pb_text][\/et_pb_column][et_pb_column type=&#8220;1_3&#8243;][et_pb_image src=&#8220;http:\/\/simplicity-buch.com\/wp-content\/uploads\/2017\/03\/JCIBZ-BrainLunch-Simplicity-Februar-2017-022.jpg&#8220; _builder_version=&#8220;3.0.90&#8243;]<\/p>\n<p>&nbsp;<\/p>\n<p>[\/et_pb_image][\/et_pb_column][\/et_pb_row][\/et_pb_section]<\/p>\n<span class=\"et_bloom_bottom_trigger\"><\/span>","protected":false},"excerpt":{"rendered":"<p>BRAIN CONNECTION in der Presse Sie sind Pressemitarbeiter, Reporter, Redakteur oder Journalist und an einem Interview, Bericht oder Austausch zum Thema Einfachheit und Innovation interessiert? Oder ben\u00f6tigen Sie Bildmaterial\/Cover etc.? Kontaktieren Sie mich (Dr. Michael Hartschen) per Email! &nbsp; &nbsp; Simplicity to go! Am 2. Juni 2017 startete der Gewerbeverein Volketswil sein neues Forum f\u00fcr [&hellip;]<\/p>\n","protected":false},"author":1,"featured_media":0,"parent":125,"menu_order":0,"comment_status":"closed","ping_status":"closed","template":"","meta":{"_et_pb_use_builder":"on","_et_pb_old_content":"","_et_gb_content_width":"","footnotes":""},"class_list":["post-595","page","type-page","status-publish","hentry"],"_links":{"self":[{"href":"https:\/\/brainconnection.ch\/wp\/wp-json\/wp\/v2\/pages\/595","targetHints":{"allow":["GET"]}}],"collection":[{"href":"https:\/\/brainconnection.ch\/wp\/wp-json\/wp\/v2\/pages"}],"about":[{"href":"https:\/\/brainconnection.ch\/wp\/wp-json\/wp\/v2\/types\/page"}],"author":[{"embeddable":true,"href":"https:\/\/brainconnection.ch\/wp\/wp-json\/wp\/v2\/users\/1"}],"replies":[{"embeddable":true,"href":"https:\/\/brainconnection.ch\/wp\/wp-json\/wp\/v2\/comments?post=595"}],"version-history":[{"count":10,"href":"https:\/\/brainconnection.ch\/wp\/wp-json\/wp\/v2\/pages\/595\/revisions"}],"predecessor-version":[{"id":784,"href":"https:\/\/brainconnection.ch\/wp\/wp-json\/wp\/v2\/pages\/595\/revisions\/784"}],"up":[{"embeddable":true,"href":"https:\/\/brainconnection.ch\/wp\/wp-json\/wp\/v2\/pages\/125"}],"wp:attachment":[{"href":"https:\/\/brainconnection.ch\/wp\/wp-json\/wp\/v2\/media?parent=595"}],"curies":[{"name":"wp","href":"https:\/\/api.w.org\/{rel}","templated":true}]}}